{"id":82,"date":"2019-02-14T18:41:14","date_gmt":"2019-02-14T17:41:14","guid":{"rendered":"http:\/\/www.bercher.info\/?page_id=82"},"modified":"2020-11-17T18:33:27","modified_gmt":"2020-11-17T17:33:27","slug":"reflexologie-plantaire-thaie","status":"publish","type":"page","link":"https:\/\/www.bercher.info\/index.php\/reflexologie-plantaire-thaie\/","title":{"rendered":"R\u00e9flexologie"},"content":{"rendered":"\n<div class=\"wp-block-image\"><figure class=\"aligncenter is-resized\"><img loading=\"lazy\" src=\"http:\/\/www.bercher.info\/wp-content\/uploads\/2019\/02\/Capture-d\u2019\u00e9cran-2019-02-15-\u00e0-09.25.49-1.png\" alt=\"\" class=\"wp-image-194\" width=\"189\" height=\"176\" srcset=\"https:\/\/www.bercher.info\/wp-content\/uploads\/2019\/02\/Capture-d\u2019\u00e9cran-2019-02-15-\u00e0-09.25.49-1.png 488w, https:\/\/www.bercher.info\/wp-content\/uploads\/2019\/02\/Capture-d\u2019\u00e9cran-2019-02-15-\u00e0-09.25.49-1-300x280.png 300w\" sizes=\"(max-width: 189px) 100vw, 189px\" \/><figcaption>-NUAD THAO-<\/figcaption><\/figure><\/div>\n\n\n\n<h2 id=\"cc-m-header-4181550656\">Nuad Thao &#8211; R\u00e9flexologie plantaire Tha\u00efe&nbsp;<\/h2>\n\n\n\n<p>&nbsp;Les pieds sont consid\u00e9r\u00e9s par les chinois comme les racines de l&rsquo;arbre. Selon leur conception, le pieds est une partie spirituelle du corps humain : lorsqu&rsquo;on touche les pieds d&rsquo;une personne, on touche son \u00e2me.<\/p>\n\n\n\n<p>La r\u00e9flexologie tha\u00efe stimule la circulation sanguine et lymphatique, \u00e9limine stress et toxine, apaise les tensions physiques et nerveuses, r\u00e9gule le fonctionnement g\u00e9n\u00e9ral du corps et apporte ainsi de l&rsquo;\u00e9nergie vitale.<br>Re\u00e7ue r\u00e9guli\u00e8rement, elle est un bon compl\u00e9ment d&rsquo;hygi\u00e8ne de vie.<\/p>\n\n\n\n<p> Il se pratique dans un enchainement d&rsquo;effleurages, de percussions, et frictions du bout des orteils au genou. L&rsquo;utilisation partielle d&rsquo;un b\u00e2tonnet en bois caract\u00e9rise le Nuad Thao.<\/p>\n\n\n\n<p>La s\u00e9ance dur\u00e9e environ 1h<\/p>\n\n\n\n<h2>Les effets<\/h2>\n\n\n\n<p>&#8211; Action vitalisante et fortement d\u00e9toxifiante&nbsp;<br>&#8211; Stimule les organes via les zones r\u00e9flexes et points de pression<br>&#8211; Active et r\u00e9\u00e9quilibre le flux \u00e9nerg\u00e9tique du corps entier<br>&#8211; Grand nombre et diversit\u00e9 des techniques<br>&#8211; Utilisation d&rsquo;un stylet en bois et de l&rsquo;huile de massage.<br>&#8211; Travail des lignes \u00e9nerg\u00e9tiques des jambes.<\/p>\n\n\n\n<p><\/p>\n\n\n\n<h2>&nbsp;Les contre-indications&nbsp;<\/h2>\n\n\n\n<figure class=\"wp-block-table\"><table><tbody><tr><td><strong>ABSOLUES <\/strong><\/td><td><strong>Avec AVIS M\u00c9DICAL<\/strong><\/td><\/tr><tr><td>Fi\u00e8vre ou infections<br>Diarrh\u00e9e ou vomissement<br>Influences d&rsquo;alcool ou de psychotropes<br>Probl\u00e8me cardio-vacsulaire AIGUS<br>FEMMES ENCEINTES<\/td><td>Op\u00e9rations<br>Probl\u00e8mes cardio-vasculaire chroniques (aussi thrombose, varices)<br>Ost\u00e9oporose<br>Arthrite<br>Rhumatisme<br>\u00c9pilepsie<br>Psychose<br>Diab\u00e8te<br>Cancer<br>Probl\u00e8me du syst\u00e8me nerveux central et p\u00e9riph\u00e9rique<\/td><\/tr><\/tbody><\/table><\/figure>\n\n\n\n<p><br><\/p>\n","protected":false},"excerpt":{"rendered":"<p>Nuad Thao &#8211; R\u00e9flexologie plantaire Tha\u00efe&nbsp; &nbsp;Les pieds sont consid\u00e9r\u00e9s par les chinois comme les racines de l&rsquo;arbre. Selon leur conception, le pieds est une partie spirituelle du corps humain : lorsqu&rsquo;on touche les pieds d&rsquo;une personne, on touche son \u00e2me. La r\u00e9flexologie tha\u00efe stimule la circulation sanguine et lymphatique, \u00e9limine stress et toxine, apaise&hellip; <br \/> <a class=\"read-more\" href=\"https:\/\/www.bercher.info\/index.php\/reflexologie-plantaire-thaie\/\">Lire la suite<\/a><\/p>\n","protected":false},"author":2,"featured_media":0,"parent":0,"menu_order":0,"comment_status":"closed","ping_status":"closed","template":"","meta":[],"_links":{"self":[{"href":"https:\/\/www.bercher.info\/index.php\/wp-json\/wp\/v2\/pages\/82"}],"collection":[{"href":"https:\/\/www.bercher.info\/index.php\/wp-json\/wp\/v2\/pages"}],"about":[{"href":"https:\/\/www.bercher.info\/index.php\/wp-json\/wp\/v2\/types\/page"}],"author":[{"embeddable":true,"href":"https:\/\/www.bercher.info\/index.php\/wp-json\/wp\/v2\/users\/2"}],"replies":[{"embeddable":true,"href":"https:\/\/www.bercher.info\/index.php\/wp-json\/wp\/v2\/comments?post=82"}],"version-history":[{"count":7,"href":"https:\/\/www.bercher.info\/index.php\/wp-json\/wp\/v2\/pages\/82\/revisions"}],"predecessor-version":[{"id":347,"href":"https:\/\/www.bercher.info\/index.php\/wp-json\/wp\/v2\/pages\/82\/revisions\/347"}],"wp:attachment":[{"href":"https:\/\/www.bercher.info\/index.php\/wp-json\/wp\/v2\/media?parent=82"}],"curies":[{"name":"wp","href":"https:\/\/api.w.org\/{rel}","templated":true}]}}