{"id":4,"date":"2019-02-13T20:37:03","date_gmt":"2019-02-13T19:37:03","guid":{"rendered":"http:\/\/www.bercher.info\/index.php\/mesmerize\/"},"modified":"2020-11-17T19:15:03","modified_gmt":"2020-11-17T18:15:03","slug":"mesmerize","status":"publish","type":"page","link":"https:\/\/www.bercher.info\/","title":{"rendered":"Front Page"},"content":{"rendered":"<div  id=\"presentation-activite\" style=\"background-color: rgb(255, 255, 255); background-image: none;\" data-label=\"Presentation activite\" data-id=\"overlappable-4\" data-export-id=\"overlappable-4\" data-category=\"overlappable\" class=\"overlappable-4 content-section content-section-spacing\" data-overlap=\"true\"><div  class=\"\"> <div  data-type=\"row\" class=\"row spaced-cols text-center center-sm\"><div  class=\"col-xs-12 col-sm-4 col-padding col-md-3 \"> <a data-cp-link=\"1\" href=\"http:\/\/www.bercher.info\/index.php\/shiatsu\" target=\"_self\" rel=\"noopener noreferrer\"><i  class=\"fa icon shadow-large-black aligncenter color1 fa-envira reverse round large\"><\/i><\/a> <div  data-type=\"column\" class=\"\"> <h5  class=\"\">-Massage bien-\u00eatre-<\/h5> <p  class=\"\">Massage bien-\u00eatre sensitif\n<br >&nbsp;\u00e0 but NON TH\u00c9RAPEUTIQUE.\n<br ><br >Reconnectez vous avec massage habill\u00e9 inspir\u00e9 du shiatsu et du tha\u00ef au sol sur futon ou sur table.<br >\n<br >&nbsp;(1h)<\/p><\/div> <\/div> <div  class=\"col-xs-12 col-sm-4 col-padding col-md-3 \"> <a data-cp-link=\"1\" href=\"http:\/\/www.bercher.info\/index.php\/reflexologie-plantaire-thaie\" target=\"_self\" rel=\"noopener noreferrer\"><i  class=\"fa icon shadow-large-black aligncenter color1 fa-pagelines reverse round large\"><\/i><\/a> <div  data-type=\"column\" class=\"\"><h5  class=\"\">-R\u00e9flexologie plantaire Tha\u00ef-<\/h5> <p  class=\"\">Les pieds sont consid\u00e9r\u00e9s par les chinois comme les racines de l\u2019arbre. Selon leur conception, le pied est une partie spirituelle du corps humain : lorsqu\u2019on touche les pieds d\u2019une personne, on touche son \u00e2me.\n<br >\n<br >&nbsp;(1h15 environ)<\/p><\/div> <\/div> <div  class=\"col-xs-12 col-sm-4 col-padding col-md-3 \"> <a data-cp-link=\"1\" href=\"http:\/\/www.bercher.info\/index.php\/amma\" target=\"_self\" rel=\"noopener noreferrer\"><i  class=\"fa icon shadow-large-black aligncenter color1 fa-black-tie reverse round large\"><\/i><\/a> <div  data-type=\"column\" class=\"\"><h5  class=\"\">-AMMA-<\/h5> <p  class=\"\">C\u2019est un shiatsu assis, (NON TH\u00c9RAPEUTIQUE) qui s\u2019effectue habill\u00e9 sur une chaise sp\u00e9cifique.<br >Il reconnecte l\u2019individu \u00e0 lui-m\u00eame, \u00e0 son corps, aux autres ainsi qu\u2019 \u00e0 son environnement.\n<br ><br >\n<br >-Vous \u00eates une soci\u00e8t\u00e9 ? contactez moi-<\/p><\/div> <\/div><\/div> <\/div><\/div><div  id=\"praticienne\" style=\"background-color: rgb(255, 255, 255); background-image: none;\" data-label=\"Praticienne\" data-id=\"team-2\" data-export-id=\"team-2\" data-category=\"team\" class=\"team-2 content-section content-section-spacing\"><div  class=\"\"> <div  class=\"row text-center\"><div  class=\"section-title-col\" data-type=\"column\"> <h2  class=\"\">Votre praticienne<\/h2> <p  class=\"lead\">Uniquement sur rendez-vous, sur Draveil (91)<\/p><\/div> <\/div> <div  class=\"row spaced-cols content-center-sm center-sm\" data-type=\"row\"> <div  class=\"col-sm-6 col-md-4 \"> <div  class=\"card y-move no-padding bordered\"> <a data-cp-link=\"1\" href=\"#\" target=\"_self\" rel=\"noopener noreferrer\"><img  class=\"face\" src=\"http:\/\/www.bercher.info\/wp-content\/uploads\/2019\/05\/cropped-IMG_7654-e1558618602226-1.jpg\" alt=\"\" title=\"cropped-logo-web-1.pdf\"><\/a> <div  data-type=\"column\" class=\"col-padding-small col-padding-small-xs description-container\">   <div  class=\"social-icons-group\" data-type=\"group\"> <a  href=\"#\"><i  class=\"gray fa icon fa-facebook-square small\"><\/i><\/a> <a  href=\"#\"><i  class=\"gray fa icon fa-twitter-square small\"><\/i><\/a> <a  href=\"#\"><i  class=\"gray fa icon fa-linkedin-square small\"><\/i><\/a> <a  href=\"#\"><i  class=\"gray fa icon fa-google-plus-square small\"><\/i><\/a><\/div> <a class=\"link\" href=\"http:\/\/www.bercher.info\/index.php\/votre-praticienne\" target=\"_self\" data-cp-link=\"1\" rel=\"noopener noreferrer\">C\u00e9line Bercher<\/a><\/div><\/div> <\/div>       <\/div> <\/div><\/div><div  data-label=\"carte cadeau\" data-id=\"about--1\" data-export-id=\"about-9\" data-category=\"about\" class=\"about-9 content-section content-section-spacing\" id=\"carte-cadeau\" style=\"background-color: rgb(245, 250, 253);\"><div  class=\"gridContainer\"> <div  class=\"row middle-sm text-center\"><div  class=\"col-sm-5 space-bottom-xs content-column content-right-sm\" data-type=\"column\"> <h5  class=\"\">Envie de faire plaisir ?<\/h5> <h2  class=\"\">Pourquoi ne pas offrir une carte cadeau ?<\/h2> <p  class=\"\">Carte cadeau nominative pour faire plaisir ou vous faire plaisir. valable un an , sur la prestation de votre choix\u2026&nbsp;<\/p> <\/div> <div  class=\"col-sm-7 flexbox flexbox middle-xs center-xs space-bottom-xs\"><div  class=\"overlay-box flexbox middle-xs center-xs overlay-holder \"> <div  class=\"overlay-box-offset offset-background shadow-medium bg-color2 hide-xs\"><\/div> <a data-cp-link=\"1\" href=\"http:\/\/www.bercher.info\/index.php\/tarifs\" target=\"_self\" rel=\"noopener noreferrer\"><img  class=\"flexbox shadow-large img1\" src=\"http:\/\/www.bercher.info\/wp-content\/uploads\/2019\/02\/cropped-specimen-carte-cadeau-1.jpg\" data-size=\"600x400\" alt=\"\" title=\"cropped-specimen-carte-cadeau-1.jpg\"><\/a><\/div> <\/div><\/div> <\/div><\/div><div  id=\"meditons\" style=\"background-color: #ffffff;\" data-label=\"meditons\" data-id=\"testimonials-5\" data-export-id=\"testimonials-5\" data-category=\"testimonials\" class=\"testimonials-5 content-section content-section-spacing\"><div  class=\"gridContainer\"> <div  class=\"row\"><div  data-type=\"column\" class=\"section-title-col\"> <h2  class=\"\">Faisons nous du bien, m\u00e9ditons\u2026<\/h2> <p  class=\"lead\">La seule chose qui puisse nous emp\u00eacher de changer c\u2019est de ne pas prendre conscience que nous pouvons le faire. <\/p><\/div> <\/div> <div  class=\"row spaced-cols content-center-sm\" data-type=\"row\"> <div  class=\"col-sm-4\"> <div  class=\"card y-move bordered\" data-type=\"column\"> <i  class=\"fa fa-quote-right icon color1 small quotation-icon\"><\/i> <p  class=\"text-center\">Aujour\u2019hui est le plus beau jour de notre vie, car hier n\u2019existe plus et demain ne se l\u00e8vera peut-\u00eatre jamais. Le pass\u00e9 nous \u00e9touffe dans les regrets et les remords, le futur nous berce d\u2019illusions. Appr\u00e9cions le soleil qui se l\u00e8ve, r\u00e9jouissons-nous de le voir se coucher. Arr\u00eatons de dire \u00ab&nbsp;il est trop t\u00f4t&nbsp;\u00bb ou \u00ab&nbsp;il est trop tard&nbsp;\u00bb, le bonheur est l\u00e0, il est l\u2019instant pr\u00e9sent.&nbsp;\n<\/p>  <h6  class=\"\">-Guillaume Musso-<\/h6> <\/div> <\/div> <div  class=\"col-sm-4\"> <div  class=\"card y-move bordered\" data-type=\"column\"> <i  class=\"fa fa-quote-right icon color1 small quotation-icon\"><\/i> <p  class=\"text-center\">Nous ne pouvons pas choisir les circonstances ext\u00e9rieures, mais nous pouvons toujours choisir la fa\u00e7on dont nous r\u00e9pondons \u00e0 celles-ci<\/p>  <h6  class=\"\">-Epict\u00e8re-<\/h6> <\/div> <\/div> <div  class=\"col-sm-4\"> <div  class=\"card y-move bordered\" data-type=\"column\"> <i  class=\"fa fa-quote-right icon color1 small quotation-icon\"><\/i> <p  class=\"text-center\">Le plus grand voyageur n\u2019est pas celui qui a fait dix fois le tour du monde. Mais celui qui a fait une seule fois le tour de lui-m\u00eame.<\/p>  <h6  class=\"\">-Gandhi-<\/h6> <\/div> <\/div><\/div> <\/div><\/div>","protected":false},"excerpt":{"rendered":"<p>-Massage bien-\u00eatre- Massage bien-\u00eatre sensitif &nbsp;\u00e0 but NON TH\u00c9RAPEUTIQUE. Reconnectez vous avec massage habill\u00e9 inspir\u00e9 du shiatsu et du tha\u00ef au sol sur futon ou sur table. &nbsp;(1h) -R\u00e9flexologie plantaire Tha\u00ef- Les pieds sont consid\u00e9r\u00e9s par les chinois comme les racines de l\u2019arbre. Selon leur conception, le pied est une partie spirituelle du corps humain&hellip; <br \/> <a class=\"read-more\" href=\"https:\/\/www.bercher.info\/\">Lire la suite<\/a><\/p>\n","protected":false},"author":1,"featured_media":0,"parent":0,"menu_order":0,"comment_status":"closed","ping_status":"closed","template":"page-templates\/homepage.php","meta":[],"_links":{"self":[{"href":"https:\/\/www.bercher.info\/index.php\/wp-json\/wp\/v2\/pages\/4"}],"collection":[{"href":"https:\/\/www.bercher.info\/index.php\/wp-json\/wp\/v2\/pages"}],"about":[{"href":"https:\/\/www.bercher.info\/index.php\/wp-json\/wp\/v2\/types\/page"}],"author":[{"embeddable":true,"href":"https:\/\/www.bercher.info\/index.php\/wp-json\/wp\/v2\/users\/1"}],"replies":[{"embeddable":true,"href":"https:\/\/www.bercher.info\/index.php\/wp-json\/wp\/v2\/comments?post=4"}],"version-history":[{"count":59,"href":"https:\/\/www.bercher.info\/index.php\/wp-json\/wp\/v2\/pages\/4\/revisions"}],"predecessor-version":[{"id":355,"href":"https:\/\/www.bercher.info\/index.php\/wp-json\/wp\/v2\/pages\/4\/revisions\/355"}],"wp:attachment":[{"href":"https:\/\/www.bercher.info\/index.php\/wp-json\/wp\/v2\/media?parent=4"}],"curies":[{"name":"wp","href":"https:\/\/api.w.org\/{rel}","templated":true}]}}