{"id":38,"date":"2019-02-14T18:38:23","date_gmt":"2019-02-14T17:38:23","guid":{"rendered":"http:\/\/www.bercher.info\/?page_id=38"},"modified":"2020-11-17T18:43:27","modified_gmt":"2020-11-17T17:43:27","slug":"amma","status":"publish","type":"page","link":"https:\/\/www.bercher.info\/index.php\/amma\/","title":{"rendered":"Amma"},"content":{"rendered":"\n<p>Transformer votre temps de pause en moment de d\u00e9tente b\u00e9n\u00e9fique\u2026<\/p>\n\n\n\n<div class=\"wp-block-image\"><figure class=\"aligncenter is-resized\"><img loading=\"lazy\" src=\"http:\/\/www.bercher.info\/wp-content\/uploads\/2019\/02\/massage-assis.jpg\" alt=\"\" class=\"wp-image-46\" width=\"183\" height=\"138\" srcset=\"https:\/\/www.bercher.info\/wp-content\/uploads\/2019\/02\/massage-assis.jpg 468w, https:\/\/www.bercher.info\/wp-content\/uploads\/2019\/02\/massage-assis-300x227.jpg 300w\" sizes=\"(max-width: 183px) 100vw, 183px\" \/><figcaption>Photo \u00e0 changer<br><\/figcaption><\/figure><\/div>\n\n\n\n<h3>Un shiatsu sur chaise<\/h3>\n\n\n\n<p>Sp\u00e9cialement con\u00e7u pour l\u2019entreprise, le shiatsu sur chaise est rapide \u00e0 mettre en place et efficace.&nbsp;Il consiste \u00e0 effectuer par dessus les v\u00eatements des \u00e9tirements avec les paumes de mains et des pressions avec les pouces ou le coude en certains points sp\u00e9cifiques du dos, de la nuque, du cr\u00e2ne, des bras et des mains.<\/p>\n\n\n\n<h3>Les bienfaits<\/h3>\n\n\n\n<ul><li>D\u00e9veloppe la cr\u00e9ativit\u00e9 permet d\u2019\u00eatre pus productif.\u00a0<br><\/li><li>favorise la communication.\u00a0<br><\/li><li>Redynamise, permet de mieux g\u00e9rer son stress.\u00a0<br><\/li><li>Permet une d\u00e9tete profonde et rapide.\u00a0<br><\/li><li>R\u00e9duction de l\u2019absent\u00e9isme et renforce le moral pour l\u2019entreprise.<\/li><\/ul>\n\n\n\n<h3>Combien de temps dure un massage ?<\/h3>\n\n\n\n<p>Entre 15 et 30 minutes.<\/p>\n\n\n\n<p><br><\/p>\n\n\n\n<h3><strong>Entreprise, C.E. : Besoin d\u2019un devis ?<\/strong><\/h3>\n\n\n\n<p>N\u2019h\u00e9sitez pas \u00e0 me contacter pour tous renseignements.<br><\/p>\n\n\n\n<div class=\"wp-block-media-text alignwide\" style=\"grid-template-columns:22% auto\"><figure class=\"wp-block-media-text__media\"><img loading=\"lazy\" width=\"423\" height=\"500\" src=\"http:\/\/www.bercher.info\/wp-content\/uploads\/2019\/02\/logo-web.jpg\" alt=\"\" class=\"wp-image-111\" srcset=\"https:\/\/www.bercher.info\/wp-content\/uploads\/2019\/02\/logo-web.jpg 423w, https:\/\/www.bercher.info\/wp-content\/uploads\/2019\/02\/logo-web-254x300.jpg 254w\" sizes=\"(max-width: 423px) 100vw, 423px\" \/><\/figure><div class=\"wp-block-media-text__content\">\n<p><a href=\"http:\/\/www.bercher.info\/index.php\/contact\/\">Contact<\/a><\/p>\n<\/div><\/div>\n","protected":false},"excerpt":{"rendered":"<p>Transformer votre temps de pause en moment de d\u00e9tente b\u00e9n\u00e9fique\u2026 Un shiatsu sur chaise Sp\u00e9cialement con\u00e7u pour l\u2019entreprise, le shiatsu sur chaise est rapide \u00e0 mettre en place et efficace.&nbsp;Il consiste \u00e0 effectuer par dessus les v\u00eatements des \u00e9tirements avec les paumes de mains et des pressions avec les pouces ou le coude en certains&hellip; <br \/> <a class=\"read-more\" href=\"https:\/\/www.bercher.info\/index.php\/amma\/\">Lire la suite<\/a><\/p>\n","protected":false},"author":2,"featured_media":0,"parent":0,"menu_order":0,"comment_status":"closed","ping_status":"closed","template":"","meta":[],"_links":{"self":[{"href":"https:\/\/www.bercher.info\/index.php\/wp-json\/wp\/v2\/pages\/38"}],"collection":[{"href":"https:\/\/www.bercher.info\/index.php\/wp-json\/wp\/v2\/pages"}],"about":[{"href":"https:\/\/www.bercher.info\/index.php\/wp-json\/wp\/v2\/types\/page"}],"author":[{"embeddable":true,"href":"https:\/\/www.bercher.info\/index.php\/wp-json\/wp\/v2\/users\/2"}],"replies":[{"embeddable":true,"href":"https:\/\/www.bercher.info\/index.php\/wp-json\/wp\/v2\/comments?post=38"}],"version-history":[{"count":9,"href":"https:\/\/www.bercher.info\/index.php\/wp-json\/wp\/v2\/pages\/38\/revisions"}],"predecessor-version":[{"id":351,"href":"https:\/\/www.bercher.info\/index.php\/wp-json\/wp\/v2\/pages\/38\/revisions\/351"}],"wp:attachment":[{"href":"https:\/\/www.bercher.info\/index.php\/wp-json\/wp\/v2\/media?parent=38"}],"curies":[{"name":"wp","href":"https:\/\/api.w.org\/{rel}","templated":true}]}}