{"id":168,"date":"2019-02-16T22:03:32","date_gmt":"2019-02-16T21:03:32","guid":{"rendered":"http:\/\/www.bercher.info\/?page_id=168"},"modified":"2020-11-17T19:16:53","modified_gmt":"2020-11-17T18:16:53","slug":"tarifs","status":"publish","type":"page","link":"https:\/\/www.bercher.info\/index.php\/tarifs\/","title":{"rendered":"Tarifs"},"content":{"rendered":"\n<div class=\"wp-block-image\"><figure class=\"aligncenter is-resized\"><img loading=\"lazy\" src=\"http:\/\/www.bercher.info\/wp-content\/uploads\/2019\/02\/logo-web.jpg\" alt=\"\" class=\"wp-image-111\" width=\"104\" height=\"123\" srcset=\"https:\/\/www.bercher.info\/wp-content\/uploads\/2019\/02\/logo-web.jpg 423w, https:\/\/www.bercher.info\/wp-content\/uploads\/2019\/02\/logo-web-254x300.jpg 254w\" sizes=\"(max-width: 104px) 100vw, 104px\" \/><figcaption><strong><a href=\"http:\/\/www.bercher.info\/index.php\/contact\/\">Contactez moi<\/a><\/strong><\/figcaption><\/figure><\/div>\n\n\n\n<p class=\"has-text-align-right\"><strong><em>UNIQUEMENT SUR RENDEZ-VOUS <\/em><\/strong><\/p>\n\n\n\n<p class=\"has-text-align-right\"><strong><em>\u00e0 DRAVEIL.<\/em><\/strong><\/p>\n\n\n\n<div class=\"wp-block-media-text alignwide\" style=\"grid-template-columns:25% auto\"><figure class=\"wp-block-media-text__media\"><img loading=\"lazy\" width=\"320\" height=\"282\" src=\"http:\/\/www.bercher.info\/wp-content\/uploads\/2019\/02\/Capture-d\u2019\u00e9cran-2019-02-13-\u00e0-15.45.12.png\" alt=\"\" class=\"wp-image-258\" srcset=\"https:\/\/www.bercher.info\/wp-content\/uploads\/2019\/02\/Capture-d\u2019\u00e9cran-2019-02-13-\u00e0-15.45.12.png 320w, https:\/\/www.bercher.info\/wp-content\/uploads\/2019\/02\/Capture-d\u2019\u00e9cran-2019-02-13-\u00e0-15.45.12-300x264.png 300w\" sizes=\"(max-width: 320px) 100vw, 320px\" \/><\/figure><div class=\"wp-block-media-text__content\">\n<p class=\"has-text-align-center\"><strong>Pr\u00e9voir une tenue souple et confortable.<\/strong><\/p>\n\n\n\n<p>Le Shiatsu est \u00e0 but non th\u00e9rapeutique, ce n&rsquo;est pas un massage, mais plut\u00f4t un art s\u2019inscrivant prioritairement dans le domaine de la pr\u00e9vention, et le bien-\u00eatre.<\/p>\n\n\n\n<p><em><strong>Le&nbsp;Shiatsu ne doit en aucun cas retarder ou se substituer \u00e0 une visite chez le m\u00e9decin.<\/strong><\/em><\/p>\n<\/div><\/div>\n\n\n\n<div class=\"wp-block-media-text alignwide\"><figure class=\"wp-block-media-text__media\"><img loading=\"lazy\" width=\"768\" height=\"1024\" src=\"http:\/\/www.bercher.info\/wp-content\/uploads\/2019\/02\/photo-dojo-1-768x1024.jpg\" alt=\"\" class=\"wp-image-191\" srcset=\"https:\/\/www.bercher.info\/wp-content\/uploads\/2019\/02\/photo-dojo-1-768x1024.jpg 768w, https:\/\/www.bercher.info\/wp-content\/uploads\/2019\/02\/photo-dojo-1-225x300.jpg 225w, https:\/\/www.bercher.info\/wp-content\/uploads\/2019\/02\/photo-dojo-1-1024x1365.jpg 1024w, https:\/\/www.bercher.info\/wp-content\/uploads\/2019\/02\/photo-dojo-1-810x1080.jpg 810w\" sizes=\"(max-width: 768px) 100vw, 768px\" \/><\/figure><div class=\"wp-block-media-text__content\">\n<h2>Massage Shiatsu sensitif<\/h2>\n\n\n\n<p>Massage Shiatsu sur futon ou table<\/p>\n\n\n\n<p>60 minutes de soin pr\u00e9voir 1H15 &#8211; 1H30<\/p>\n\n\n\n<p>  65\u20ac <\/p>\n\n\n\n<p>(enfant 30 minutes &#8211; 30\u20ac)<\/p>\n<\/div><\/div>\n\n\n\n<div class=\"wp-block-media-text alignwide has-media-on-the-right\"><figure class=\"wp-block-media-text__media\"><img loading=\"lazy\" width=\"488\" height=\"455\" src=\"http:\/\/www.bercher.info\/wp-content\/uploads\/2019\/02\/Capture-d\u2019\u00e9cran-2019-02-15-\u00e0-09.25.49-1.png\" alt=\"\" class=\"wp-image-194\" srcset=\"https:\/\/www.bercher.info\/wp-content\/uploads\/2019\/02\/Capture-d\u2019\u00e9cran-2019-02-15-\u00e0-09.25.49-1.png 488w, https:\/\/www.bercher.info\/wp-content\/uploads\/2019\/02\/Capture-d\u2019\u00e9cran-2019-02-15-\u00e0-09.25.49-1-300x280.png 300w\" sizes=\"(max-width: 488px) 100vw, 488px\" \/><\/figure><div class=\"wp-block-media-text__content\">\n<p class=\"has-large-font-size\">R\u00e9flexologie plantaire tha\u00ef <\/p>\n\n\n\n<p>60 minutes de soin pr\u00e9voir 1H15-1H30<\/p>\n\n\n\n<p>65\u20ac<\/p>\n<\/div><\/div>\n\n\n\n<div class=\"wp-block-media-text alignwide is-vertically-aligned-center\"><figure class=\"wp-block-media-text__media\"><img loading=\"lazy\" width=\"459\" height=\"336\" src=\"http:\/\/www.bercher.info\/wp-content\/uploads\/2019\/02\/Capture-d\u2019\u00e9cran-2019-02-14-\u00e0-14.55.52.png\" alt=\"\" class=\"wp-image-49\" srcset=\"https:\/\/www.bercher.info\/wp-content\/uploads\/2019\/02\/Capture-d\u2019\u00e9cran-2019-02-14-\u00e0-14.55.52.png 459w, https:\/\/www.bercher.info\/wp-content\/uploads\/2019\/02\/Capture-d\u2019\u00e9cran-2019-02-14-\u00e0-14.55.52-300x220.png 300w\" sizes=\"(max-width: 459px) 100vw, 459px\" \/><\/figure><div class=\"wp-block-media-text__content\">\n<p class=\"has-large-font-size\"><\/p>\n\n\n\n<p><\/p>\n<\/div><\/div>\n\n\n\n<div class=\"wp-block-media-text alignwide has-media-on-the-right\"><figure class=\"wp-block-media-text__media\"><img loading=\"lazy\" width=\"320\" height=\"282\" src=\"http:\/\/www.bercher.info\/wp-content\/uploads\/2019\/02\/Capture-d\u2019\u00e9cran-2019-02-13-\u00e0-15.45.12.png\" alt=\"\" class=\"wp-image-258\" srcset=\"https:\/\/www.bercher.info\/wp-content\/uploads\/2019\/02\/Capture-d\u2019\u00e9cran-2019-02-13-\u00e0-15.45.12.png 320w, https:\/\/www.bercher.info\/wp-content\/uploads\/2019\/02\/Capture-d\u2019\u00e9cran-2019-02-13-\u00e0-15.45.12-300x264.png 300w\" sizes=\"(max-width: 320px) 100vw, 320px\" \/><\/figure><div class=\"wp-block-media-text__content\">\n<p class=\"has-large-font-size\">Shiatsu \u00e0 l&rsquo;huile<\/p>\n\n\n\n<p>Shiatsu \u00e0 l&rsquo;huile sur futon<\/p>\n\n\n\n<p> 60 minutes.<\/p>\n\n\n\n<p>65\u20ac<\/p>\n<\/div><\/div>\n\n\n\n<div class=\"wp-block-media-text alignwide\"><figure class=\"wp-block-media-text__media\"><img loading=\"lazy\" width=\"468\" height=\"354\" src=\"http:\/\/www.bercher.info\/wp-content\/uploads\/2019\/02\/massage-assis.jpg\" alt=\"\" class=\"wp-image-46\" srcset=\"https:\/\/www.bercher.info\/wp-content\/uploads\/2019\/02\/massage-assis.jpg 468w, https:\/\/www.bercher.info\/wp-content\/uploads\/2019\/02\/massage-assis-300x227.jpg 300w\" sizes=\"(max-width: 468px) 100vw, 468px\" \/><\/figure><div class=\"wp-block-media-text__content\">\n<p class=\"has-large-font-size\">AMMA en entreprise<\/p>\n\n\n\n<p>Sur devis<\/p>\n<\/div><\/div>\n\n\n\n<p><\/p>\n\n\n\n<p><strong>Offrez un peu de temps pour soi&#8230;<\/strong><\/p>\n\n\n\n<div class=\"wp-block-media-text alignwide has-media-on-the-right\" style=\"grid-template-columns:auto 42%\"><figure class=\"wp-block-media-text__media\"><img loading=\"lazy\" width=\"487\" height=\"355\" src=\"http:\/\/www.bercher.info\/wp-content\/uploads\/2019\/02\/specimen-carte-cadeau.jpg\" alt=\"\" class=\"wp-image-119\" srcset=\"https:\/\/www.bercher.info\/wp-content\/uploads\/2019\/02\/specimen-carte-cadeau.jpg 487w, https:\/\/www.bercher.info\/wp-content\/uploads\/2019\/02\/specimen-carte-cadeau-300x219.jpg 300w\" sizes=\"(max-width: 487px) 100vw, 487px\" \/><\/figure><div class=\"wp-block-media-text__content\">\n<p>Faites plaisir&#8230; Offrez (ou offrez vous ^-^) une carte cadeau sur la prestation de votre choix.<\/p>\n\n\n\n<div><br><\/div>\n<\/div><\/div>\n\n\n\n<div class=\"wp-block-image\"><figure class=\"aligncenter is-resized\"><img loading=\"lazy\" src=\"http:\/\/www.bercher.info\/wp-content\/uploads\/2019\/02\/logo-web.jpg\" alt=\"\" class=\"wp-image-111\" width=\"128\" height=\"151\" srcset=\"https:\/\/www.bercher.info\/wp-content\/uploads\/2019\/02\/logo-web.jpg 423w, https:\/\/www.bercher.info\/wp-content\/uploads\/2019\/02\/logo-web-254x300.jpg 254w\" sizes=\"(max-width: 128px) 100vw, 128px\" \/><figcaption><strong><a href=\"http:\/\/www.bercher.info\/index.php\/contact\/\">Contact<\/a><\/strong><\/figcaption><\/figure><\/div>\n\n\n\n<p><\/p>\n","protected":false},"excerpt":{"rendered":"<p>UNIQUEMENT SUR RENDEZ-VOUS \u00e0 DRAVEIL. Pr\u00e9voir une tenue souple et confortable. Le Shiatsu est \u00e0 but non th\u00e9rapeutique, ce n&rsquo;est pas un massage, mais plut\u00f4t un art s\u2019inscrivant prioritairement dans le domaine de la pr\u00e9vention, et le bien-\u00eatre. Le&nbsp;Shiatsu ne doit en aucun cas retarder ou se substituer \u00e0 une visite chez le m\u00e9decin. Massage&hellip; <br \/> <a class=\"read-more\" href=\"https:\/\/www.bercher.info\/index.php\/tarifs\/\">Lire la suite<\/a><\/p>\n","protected":false},"author":2,"featured_media":0,"parent":0,"menu_order":0,"comment_status":"closed","ping_status":"closed","template":"","meta":[],"_links":{"self":[{"href":"https:\/\/www.bercher.info\/index.php\/wp-json\/wp\/v2\/pages\/168"}],"collection":[{"href":"https:\/\/www.bercher.info\/index.php\/wp-json\/wp\/v2\/pages"}],"about":[{"href":"https:\/\/www.bercher.info\/index.php\/wp-json\/wp\/v2\/types\/page"}],"author":[{"embeddable":true,"href":"https:\/\/www.bercher.info\/index.php\/wp-json\/wp\/v2\/users\/2"}],"replies":[{"embeddable":true,"href":"https:\/\/www.bercher.info\/index.php\/wp-json\/wp\/v2\/comments?post=168"}],"version-history":[{"count":23,"href":"https:\/\/www.bercher.info\/index.php\/wp-json\/wp\/v2\/pages\/168\/revisions"}],"predecessor-version":[{"id":359,"href":"https:\/\/www.bercher.info\/index.php\/wp-json\/wp\/v2\/pages\/168\/revisions\/359"}],"wp:attachment":[{"href":"https:\/\/www.bercher.info\/index.php\/wp-json\/wp\/v2\/media?parent=168"}],"curies":[{"name":"wp","href":"https:\/\/api.w.org\/{rel}","templated":true}]}}